{"id":67,"date":"2017-10-22T18:29:41","date_gmt":"2017-10-22T18:29:41","guid":{"rendered":"http:\/\/www.rundendreher.de\/?page_id=67"},"modified":"2025-05-21T19:44:44","modified_gmt":"2025-05-21T19:44:44","slug":"triathlon","status":"publish","type":"page","link":"https:\/\/www.rundendreher.de\/rundendreher-sta\/abteilungen\/triathlon\/","title":{"rendered":"Triathlon"},"content":{"rendered":"\n<figure class=\"wp-block-image alignleft\"><img loading=\"lazy\" width=\"225\" height=\"300\" src=\"https:\/\/www.rundendreher.de\/wp-content\/uploads\/2017\/10\/IMG-20170910-WA0004-225x300.jpg\" alt=\"\" class=\"wp-image-133\" srcset=\"https:\/\/www.rundendreher.de\/rundendreher-sta\/wp-content\/uploads\/2017\/10\/IMG-20170910-WA0004-225x300.jpg 225w, https:\/\/www.rundendreher.de\/rundendreher-sta\/wp-content\/uploads\/2017\/10\/IMG-20170910-WA0004.jpg 768w\" sizes=\"(max-width: 225px) 100vw, 225px\" \/><\/figure>\n\n\n\n<p>Wer durch Laufen und Radfahren zu wenig ausgepowert ist, nimmt noch das Schwimmen in seinen Trainingsplan mit auf und schon ist er ein Triathlet.<br>Seit 01.01.2017 sind wir Mitglied im&nbsp;Brandenburgischen Triathlonverband.<\/p>\n\n\n\n<p><\/p>\n\n\n\n<p><\/p>\n\n\n\n<p><\/p>\n\n\n\n<p><\/p>\n\n\n\n<p><strong>Training<\/strong><br>Trainiert wird gemeinsam mit den L\u00e4ufern und SUPern.<br><\/p>\n\n\n\n<p><strong>Laufen:<br><\/strong>Montags 17:00 &#8211; 18:00 Bolzplatz Sch\u00f6nflie\u00df &#8222;Am Reitweg&#8220;<br>und nach Absprache <\/p>\n\n\n\n<p><strong>Radfahren:<\/strong><br>nach Absprache <\/p>\n\n\n\n<p><strong>Schwimmen:<\/strong><br>01.10. &#8211; 31.03. sonntags 10:30 &#8211; 12:30 Stadtbad Hennigsdorf<br>01.04. &#8211; 30.09. donnerstags 17:00 &#8211; 19:00 Kiessee Schildow<\/p>\n\n\n\n<p><\/p>\n","protected":false},"excerpt":{"rendered":"<p>Wer durch Laufen und Radfahren zu wenig ausgepowert ist, nimmt noch das Schwimmen in seinen Trainingsplan mit auf und schon ist er ein Triathlet.Seit 01.01.2017 sind wir Mitglied im&nbsp;Brandenburgischen Triathlonverband. TrainingTrainiert wird gemeinsam mit den L\u00e4ufern und SUPern. Laufen:Montags 17:00 &#8211; 18:00 Bolzplatz Sch\u00f6nflie\u00df &#8222;Am Reitweg&#8220;und nach Absprache Radfahren:nach Absprache Schwimmen:01.10. &#8211; 31.03. sonntags 10:30 <a class=\"more-link\" href=\"https:\/\/www.rundendreher.de\/rundendreher-sta\/abteilungen\/triathlon\/\">weiterlesen&#8230;<\/a><\/p>\n","protected":false},"author":1,"featured_media":0,"parent":15,"menu_order":3,"comment_status":"closed","ping_status":"closed","template":"","meta":[],"_links":{"self":[{"href":"https:\/\/www.rundendreher.de\/rundendreher-sta\/wp-json\/wp\/v2\/pages\/67"}],"collection":[{"href":"https:\/\/www.rundendreher.de\/rundendreher-sta\/wp-json\/wp\/v2\/pages"}],"about":[{"href":"https:\/\/www.rundendreher.de\/rundendreher-sta\/wp-json\/wp\/v2\/types\/page"}],"author":[{"embeddable":true,"href":"https:\/\/www.rundendreher.de\/rundendreher-sta\/wp-json\/wp\/v2\/users\/1"}],"replies":[{"embeddable":true,"href":"https:\/\/www.rundendreher.de\/rundendreher-sta\/wp-json\/wp\/v2\/comments?post=67"}],"version-history":[{"count":16,"href":"https:\/\/www.rundendreher.de\/rundendreher-sta\/wp-json\/wp\/v2\/pages\/67\/revisions"}],"predecessor-version":[{"id":649,"href":"https:\/\/www.rundendreher.de\/rundendreher-sta\/wp-json\/wp\/v2\/pages\/67\/revisions\/649"}],"up":[{"embeddable":true,"href":"https:\/\/www.rundendreher.de\/rundendreher-sta\/wp-json\/wp\/v2\/pages\/15"}],"wp:attachment":[{"href":"https:\/\/www.rundendreher.de\/rundendreher-sta\/wp-json\/wp\/v2\/media?parent=67"}],"curies":[{"name":"wp","href":"https:\/\/api.w.org\/{rel}","templated":true}]}}