{"id":599,"date":"2025-04-01T20:32:58","date_gmt":"2025-04-01T20:32:58","guid":{"rendered":"https:\/\/www.rundendreher.de\/rundendreher-sta\/?page_id=599"},"modified":"2025-04-01T20:34:34","modified_gmt":"2025-04-01T20:34:34","slug":"ehrenamt","status":"publish","type":"page","link":"https:\/\/www.rundendreher.de\/rundendreher-sta\/der-verein\/ehrenamt\/","title":{"rendered":"Ehrenamt"},"content":{"rendered":"\n<h1>Ehrenamt<\/h1>\n\n\n\n<p>Freiwillige Arbeit im Sportverein ist wichtig und notwendig, damit der Sportbetrieb aufrecht erhalten,&nbsp;und alle&nbsp;Mitglieder mit Spa\u00df und Freude Sport treiben k\u00f6nnen.<\/p>\n\n\n\n<p>Du hast&nbsp;Interesse, dich&nbsp;in irgendeiner Form zu engagieren, dich&nbsp;bei Bedarf durch Aktivit\u00e4ten einzubringen und unseren Verein zu unterst\u00fctzen?<\/p>\n\n\n\n<p><strong>Derzeit suchen wir:<\/strong><\/p>\n\n\n\n<ul><li>Co-Trainer \/ Betreuer f\u00fcr unser Leichtathletik-Team am Mittwoch<\/li><\/ul>\n\n\n\n<ul><li>Lauftrainer f\u00fcr den Aufbau einer weiteren Laufgruppe<\/li><\/ul>\n\n\n\n<p><\/p>\n\n\n\n<p>Meldet Euch bei Interesse unter <a href=\"mailto:info@rundendreher.de\">info@rundendreher.de<\/a> oder ruft bei Stefan an unter <a href=\"tel:00491738140999\" data-type=\"tel\" data-id=\"tel:00491738140999\">0173\/8140999<\/a>.<\/p>\n","protected":false},"excerpt":{"rendered":"<p>Ehrenamt Freiwillige Arbeit im Sportverein ist wichtig und notwendig, damit der Sportbetrieb aufrecht erhalten,&nbsp;und alle&nbsp;Mitglieder mit Spa\u00df und Freude Sport treiben k\u00f6nnen. Du hast&nbsp;Interesse, dich&nbsp;in irgendeiner Form zu engagieren, dich&nbsp;bei Bedarf durch Aktivit\u00e4ten einzubringen und unseren Verein zu unterst\u00fctzen? Derzeit suchen wir: Co-Trainer \/ Betreuer f\u00fcr unser Leichtathletik-Team am Mittwoch Lauftrainer f\u00fcr den Aufbau einer <a class=\"more-link\" href=\"https:\/\/www.rundendreher.de\/rundendreher-sta\/der-verein\/ehrenamt\/\">weiterlesen&#8230;<\/a><\/p>\n","protected":false},"author":1,"featured_media":0,"parent":22,"menu_order":0,"comment_status":"closed","ping_status":"closed","template":"","meta":[],"_links":{"self":[{"href":"https:\/\/www.rundendreher.de\/rundendreher-sta\/wp-json\/wp\/v2\/pages\/599"}],"collection":[{"href":"https:\/\/www.rundendreher.de\/rundendreher-sta\/wp-json\/wp\/v2\/pages"}],"about":[{"href":"https:\/\/www.rundendreher.de\/rundendreher-sta\/wp-json\/wp\/v2\/types\/page"}],"author":[{"embeddable":true,"href":"https:\/\/www.rundendreher.de\/rundendreher-sta\/wp-json\/wp\/v2\/users\/1"}],"replies":[{"embeddable":true,"href":"https:\/\/www.rundendreher.de\/rundendreher-sta\/wp-json\/wp\/v2\/comments?post=599"}],"version-history":[{"count":4,"href":"https:\/\/www.rundendreher.de\/rundendreher-sta\/wp-json\/wp\/v2\/pages\/599\/revisions"}],"predecessor-version":[{"id":604,"href":"https:\/\/www.rundendreher.de\/rundendreher-sta\/wp-json\/wp\/v2\/pages\/599\/revisions\/604"}],"up":[{"embeddable":true,"href":"https:\/\/www.rundendreher.de\/rundendreher-sta\/wp-json\/wp\/v2\/pages\/22"}],"wp:attachment":[{"href":"https:\/\/www.rundendreher.de\/rundendreher-sta\/wp-json\/wp\/v2\/media?parent=599"}],"curies":[{"name":"wp","href":"https:\/\/api.w.org\/{rel}","templated":true}]}}