{"id":556,"date":"2025-03-18T21:04:48","date_gmt":"2025-03-18T21:04:48","guid":{"rendered":"https:\/\/www.rundendreher.de\/rundendreher-sta\/?page_id=556"},"modified":"2025-04-01T17:19:41","modified_gmt":"2025-04-01T17:19:41","slug":"teamwertung","status":"publish","type":"page","link":"https:\/\/www.rundendreher.de\/rundendreher-sta\/kinderlauf\/teamwertung\/","title":{"rendered":"Teamwertung"},"content":{"rendered":"\n<h3>Vereine, Schulen, Kitas, Horteinrichtungen und aufgepasst!<\/h3>\n\n\n\n<p>Das teilnehmerst\u00e4rkste Team holt sich den Wanderpokal.<\/p>\n\n\n\n<ol><li>Mindestens 15 Kinder aus einer Schule, einer Kita oder aus einem Verein laufen mit.<\/li><li>Die Mannschaft mit den meisten Kindern gewinnt.<\/li><li>Bei Gleichstand entscheidet das Los.<\/li><li>Der Pokal wird im n\u00e4chsten Jahr an das neue Siegerteam weitergereicht. Schafft ihr es 3x hintereinander den Pokal zu gewinnen, bleibt er bei euch.<\/li><li>Die Rundendreher gehen nicht mit in die Teamwertung. <\/li><\/ol>\n\n\n\n<p>Unsere bisherigen teilnehmerst\u00e4rksten Teams: <\/p>\n\n\n\n<figure class=\"wp-block-table\"><table><tbody><tr><td>&nbsp;<\/td><td><strong>Grundschule<\/strong><\/td><td><strong>Kita<\/strong><\/td><td><strong>Verein<\/strong><\/td><td><strong>Hort<\/strong><\/td><\/tr><tr><td>2015<\/td><td>GS K\u00e4the Kollwitz M\u00fchlenbeck<\/td><td>Keine<br>Kitamannschaft<br>angetreten<\/td><td>BSC Fortuna Glienicke<\/td><td><\/td><\/tr><tr><td>2016<\/td><td>GS Theodor Fontane<br>Hennigsdorf<\/td><td>Kita Sch\u00f6nflie\u00df<\/td><td>SV Glienicke<\/td><td><\/td><\/tr><tr><td>2017<\/td><td>GS Theodor Fontane<br>Hennigsdorf<\/td><td>Keine<br>Kitamannschaft<br>angetreten<\/td><td>SV electronic Hohen Neuendorf<\/td><td><\/td><\/tr><tr><td>2018<\/td><td>GS Theodor Fontane<br>Hennigsdorf<\/td><td>Kita Raupe Nimmersatt<br>M\u00fchlenbeck<\/td><td>SV electronic Hohen Neuendorf<\/td><td>Wertung<br>ab 2019<\/td><\/tr><tr><td>&nbsp;2019<\/td><td>Ahorn GS<br>Bergfelde<\/td><td>Kita Raupe<br>Nimmersatt<br>M\u00fchlenbeck<\/td><td>SV electronic<br>Hohen<br>Neuendorf<\/td><td>Hort<br>M\u00fchlenbeck <\/td><\/tr><tr><td>&nbsp;2020<\/td><td>Bedingt<\/td><td>durch Covid 19<\/td><td>fand kein<\/td><td>Kinderlauf<\/td><\/tr><tr><td>&nbsp;2021<\/td><td>Keine<\/td><td>Teamwertung<\/td><td>da<\/td><td>begrenzte<\/td><\/tr><tr><td>&nbsp;2022<\/td><td>Ahorn GS<br>Bergfelde<\/td><td>Kita &#8222;Am Schlosspark&#8220;<br>Sch\u00f6nflie\u00df<\/td><td>SG Z\u00fchlsdorf<\/td><td><\/td><\/tr><tr><td>&nbsp;2023<\/td><td>Ahorn GS<br>Bergfelde<\/td><td>Kita &#8222;Am Schlosspark&#8220;<br>Sch\u00f6nflie\u00df<\/td><td>SG Z\u00fchlsdorf<\/td><td><\/td><\/tr><tr><td>&nbsp;2024<\/td><td>Ahorn GS Bergfelde<\/td><td>\u00a0Kita &#8222;Am Schlo\u00dfpark&#8220; Sch\u00f6nflie\u00df <\/td><td>SG Z\u00fchlsdorf<\/td><td><\/td><\/tr><\/tbody><\/table><\/figure>\n\n\n\n<p><\/p>\n","protected":false},"excerpt":{"rendered":"<p>Vereine, Schulen, Kitas, Horteinrichtungen und aufgepasst! Das teilnehmerst\u00e4rkste Team holt sich den Wanderpokal. Mindestens 15 Kinder aus einer Schule, einer Kita oder aus einem Verein laufen mit. Die Mannschaft mit den meisten Kindern gewinnt. Bei Gleichstand entscheidet das Los. Der Pokal wird im n\u00e4chsten Jahr an das neue Siegerteam weitergereicht. Schafft ihr es 3x hintereinander <a class=\"more-link\" href=\"https:\/\/www.rundendreher.de\/rundendreher-sta\/kinderlauf\/teamwertung\/\">weiterlesen&#8230;<\/a><\/p>\n","protected":false},"author":1,"featured_media":0,"parent":11,"menu_order":0,"comment_status":"closed","ping_status":"closed","template":"","meta":[],"_links":{"self":[{"href":"https:\/\/www.rundendreher.de\/rundendreher-sta\/wp-json\/wp\/v2\/pages\/556"}],"collection":[{"href":"https:\/\/www.rundendreher.de\/rundendreher-sta\/wp-json\/wp\/v2\/pages"}],"about":[{"href":"https:\/\/www.rundendreher.de\/rundendreher-sta\/wp-json\/wp\/v2\/types\/page"}],"author":[{"embeddable":true,"href":"https:\/\/www.rundendreher.de\/rundendreher-sta\/wp-json\/wp\/v2\/users\/1"}],"replies":[{"embeddable":true,"href":"https:\/\/www.rundendreher.de\/rundendreher-sta\/wp-json\/wp\/v2\/comments?post=556"}],"version-history":[{"count":6,"href":"https:\/\/www.rundendreher.de\/rundendreher-sta\/wp-json\/wp\/v2\/pages\/556\/revisions"}],"predecessor-version":[{"id":585,"href":"https:\/\/www.rundendreher.de\/rundendreher-sta\/wp-json\/wp\/v2\/pages\/556\/revisions\/585"}],"up":[{"embeddable":true,"href":"https:\/\/www.rundendreher.de\/rundendreher-sta\/wp-json\/wp\/v2\/pages\/11"}],"wp:attachment":[{"href":"https:\/\/www.rundendreher.de\/rundendreher-sta\/wp-json\/wp\/v2\/media?parent=556"}],"curies":[{"name":"wp","href":"https:\/\/api.w.org\/{rel}","templated":true}]}}