{"id":453,"date":"2025-03-18T16:23:40","date_gmt":"2025-03-18T16:23:40","guid":{"rendered":"https:\/\/www.rundendreher.de\/?page_id=453"},"modified":"2026-03-12T11:27:07","modified_gmt":"2026-03-12T11:27:07","slug":"ausschreibung","status":"publish","type":"page","link":"https:\/\/www.rundendreher.de\/rundendreher-sta\/kinderlauf\/ausschreibung\/","title":{"rendered":"Ausschreibung"},"content":{"rendered":"\n<div class=\"wp-block-columns\">\n<div class=\"wp-block-column\" style=\"flex-basis:66.66%\">\n<h2 class=\"wp-block-heading has-text-color\" style=\"color:#026002\"><strong>12. Sch\u00f6nflie\u00dfer Kinderlauf 2026<br>Rundendreher e.V. <\/strong><\/h2>\n\n\n\n<p>Sonntag, den 10. Mai 2026 &#8211; Start 09.00 Uhr<\/p>\n\n\n\n<div class=\"wp-block-buttons\">\n<div class=\"wp-block-button has-custom-width wp-block-button__width-50 is-style-fill\"><a class=\"wp-block-button__link has-white-color has-text-color has-background wp-element-button\" href=\"https:\/\/myracepartner.com\/veranstaltung\/?event-id=458470\" style=\"background:linear-gradient(180deg,rgb(255,255,255) 0%,rgb(75,120,81) 100%)\" target=\"_blank\" rel=\"noreferrer noopener\">Anmeldung<\/a><\/div>\n<\/div>\n<\/div>\n\n\n\n<div class=\"wp-block-column\" style=\"flex-basis:33.33%\">\n<figure class=\"wp-block-image size-large\"><img loading=\"lazy\" width=\"1024\" height=\"457\" src=\"https:\/\/www.rundendreher.de\/rundendreher-sta\/wp-content\/uploads\/2017\/08\/Sch\u00f6nflie\u00dfer-Kinderlauf-gd-63a-1a-1024x457.png\" alt=\"\" class=\"wp-image-179\" srcset=\"https:\/\/www.rundendreher.de\/rundendreher-sta\/wp-content\/uploads\/2017\/08\/Sch\u00f6nflie\u00dfer-Kinderlauf-gd-63a-1a-1024x457.png 1024w, https:\/\/www.rundendreher.de\/rundendreher-sta\/wp-content\/uploads\/2017\/08\/Sch\u00f6nflie\u00dfer-Kinderlauf-gd-63a-1a-300x134.png 300w, https:\/\/www.rundendreher.de\/rundendreher-sta\/wp-content\/uploads\/2017\/08\/Sch\u00f6nflie\u00dfer-Kinderlauf-gd-63a-1a-768x343.png 768w\" sizes=\"(max-width: 1024px) 100vw, 1024px\" \/><\/figure>\n<\/div>\n<\/div>\n\n\n\n<h3 class=\"wp-block-heading\">Veranstalter:<\/h3>\n\n\n\n<p>Rundendreher e.V.<\/p>\n\n\n\n<h3 class=\"wp-block-heading\">Start und Ziel:<\/h3>\n\n\n\n<p>Festwiese \/ Bolzplatz in 16567 Sch\u00f6nflie\u00df, Reitweg (Am Gartencenter)<\/p>\n\n\n\n<p><em>Der Veranstalter empfiehlt die Anreise mit \u00f6ffentlichen Verkehrsmitteln, da nur begrenzte Parkm\u00f6glichkeiten zur Verf\u00fcgung stehen!<\/em><\/p>\n\n\n\n<h3 class=\"wp-block-heading\">Startunterlagen\/Meldeb\u00fcro:<\/h3>\n\n\n\n<p>Die Abholung der Startnummern erfolgt am Samstag, 9.5.2026, zwischen 14:00 und 17:00 Uhr und Sonntag, 10.5.2026, ab 8:00 Uhr am Veranstaltungsgel\u00e4nde.<\/p>\n\n\n\n<h3 class=\"wp-block-heading\">Strecken &amp; Wertungen:<\/h3>\n\n\n\n<figure class=\"wp-block-table\"><table><tbody><tr><td><strong>Strecken \/ Ak<\/strong><\/td><td><strong>Startzeiten<\/strong><\/td><\/tr><tr><td><strong>2,2 km m\u00e4nnl. \/ div.<\/strong><br>(2011 bis 2015)<\/td><td><strong>9:20 Uhr<\/strong><\/td><\/tr><tr><td><strong>2,2 km weibl.<\/strong><br>(2011 bis 2015)<\/td><td><strong>9:40 Uhr<\/strong><\/td><\/tr><tr><td><strong>1,2 km m\u00e4nnl. \/ div.<\/strong><br>(2016 bis 2018)<\/td><td><strong>10:00 Uhr<\/strong><\/td><\/tr><tr><td><strong>1,2 km weibl.<\/strong><br>(2016 bis 2018)<\/td><td><strong>10:20 Uhr<\/strong><\/td><\/tr><tr><td><strong>600 m Bambinis m\u00e4nnl. \/ div.<\/strong><br>(2019 bis 2022)<\/td><td><strong>10:45 Uhr<\/strong><\/td><\/tr><tr><td><strong>600 m Bambinis weibl.<\/strong><br>(2019 bis 2022)<\/td><td><strong>11:00 Uhr<\/strong><\/td><\/tr><\/tbody><\/table><\/figure>\n\n\n\n<h3 class=\"wp-block-heading\">Altersklassen:<\/h3>\n\n\n\n<p>Zuordnung zu Altersklassen erfolgen generell nach Geburtsjahrgang &#8211; nicht nach Geburtsdatum!<\/p>\n\n\n\n<h3 class=\"wp-block-heading\">Startgeld:<\/h3>\n\n\n\n<p><strong>Bei Anmeldung bis 3. Mai 2026<br><\/strong>4,00 Euro <br><strong>Nachmeldungen (bis 9. Mai 2026<\/strong>, <strong>23:59 Uhr m\u00f6glich<\/strong>)<br>6,00 Euro<\/p>\n\n\n\n<h3 class=\"wp-block-heading\">Anmeldung:<\/h3>\n\n\n\n<p>Anmeldungen sind \u00fcber unseren Partner Myracepartner m\u00f6glich.<\/p>\n\n\n\n<div class=\"wp-block-buttons\">\n<div class=\"wp-block-button\"><a class=\"wp-block-button__link wp-element-button\" href=\"https:\/\/myracepartner.com\/veranstaltung\/?event-id=458470\" target=\"_blank\" rel=\"noreferrer noopener\">Anmeldung<\/a><\/div>\n<\/div>\n\n\n\n<p>Anfragen per E-Mail an: <a href=\"mailto:info@rundendreher.de\" target=\"_blank\" rel=\"noreferrer noopener\"><strong>info@rundendreher.de<\/strong><\/a><\/p>\n\n\n\n<h3 class=\"wp-block-heading\">Auszeichnungen \/ Ergebnisse:<\/h3>\n\n\n\n<p>Platz 1-3 jeder AK wird mit Pokalen geehrt. <br>Die Ergebnisse werden nach der Veranstaltung unter \u201cErgebnisse\u201d online gestellt.<br>Urkundendruck vor Ort m\u00f6glich. <br>Pokalwertung f\u00fcr die teilnehmerst\u00e4rkste Kita, Schule, Verein.<\/p>\n\n\n\n<h3 class=\"wp-block-heading\">Haftung:<\/h3>\n\n\n\n<p>Die Teilnahme am Sch\u00f6nflie\u00dfer Kinderlauf erfolgt auf eigene Gefahr. Der Veranstalter (Rundendreher e.V.) \u00fcbernimmt keine Haftung f\u00fcr abhanden gekommene Sachgegenst\u00e4nde oder von Teilnehmern verursachte Sch\u00e4den.<br>Jeder Aktive (Erziehungsberechtigter) best\u00e4tigt mit seiner Meldung die Laufvorbereitung und \u00e4rztliche Unbedenklichkeit.<br><strong>Das Mitlaufen von Eltern, Geschwistern oder anderen nicht startberechtigten Personen ist untersagt.<\/strong><br>Es ist nur die gekennzeichnete Strecke zu benutzen. Die Startnummer ist auf der Brustseite zu befestigen.<br>In folgenden F\u00e4llen beh\u00e4lt sich der Veranstalter vor, Teilnehmer-\/innen zu disqualifizieren: Angabe falscher Meldedaten, Verlassen der Strecke, Ver\u00e4nderungen an der Startnummer, vertauschte \u2013 nicht entsprechend Meldedaten getragenen Startnummern, nicht lesbar angebrachte Startnummern sowie das Mitlaufen von nicht startberechtigten Personen, unsportliches, r\u00fccksichtsloses Verhalten.<\/p>\n\n\n\n<p>Der Verein stellt einen Vor- und Schlussl\u00e4ufer.<\/p>\n\n\n\n<p>Die im Zusammenhang mit der Teilnahme an der Veranstaltung gemachten Fotos, Filmaufnahmen und Interviews des Teilnehmers in Rundfunk, Fernsehen, Printmedien, Internet, B\u00fcchern Vervielf\u00e4ltigungen (Filme, Videokassetten, digitalen Datentr\u00e4gern etc.) k\u00f6nnen von den Veranstaltern ohne Anspruch auf Verg\u00fctung verbreitet und ver\u00f6ffentlicht werden. Es werden Name, Vorname, Geburtsjahr, Geschlecht, ggf. Verein\/Schule\/Kita, Startnummer und Ergebnis (Platzierung und Zeiten) des Teilnehmers zur Darstellung von Starter- und Ergebnislisten in allen relevanten veranstaltungsbegleitenden Medien abgedruckt bzw. ver\u00f6ffentlicht. Mit der Anmeldung willigt der Teilnehmer in eine Speicherung und Verwertung der personenbezogenen Daten zu diesem Zweck ein.<\/p>\n\n\n\n<h3 class=\"wp-block-heading\">Datenschutz:<\/h3>\n\n\n\n<p>Die Anmeldung und Teilnahme am Sch\u00f6nflie\u00dfer Kinderlauf erfolgt auf freiwilliger Basis und kann nur bei Zustimmung zu den Hinweisen zum Datenschutz erfolgen!<br>Der Veranstalter w\u00fcnscht allen Teilnehmern viel Spa\u00df und maximalen Erfolg!!<br>Der Sch\u00f6nflie\u00dfer Kinderlauf findet bei fast jedem Wetter statt.<\/p>\n","protected":false},"excerpt":{"rendered":"<p>12. Sch\u00f6nflie\u00dfer Kinderlauf 2026Rundendreher e.V. Sonntag, den 10. Mai 2026 &#8211; Start 09.00 Uhr Veranstalter: Rundendreher e.V. Start und Ziel: Festwiese \/ Bolzplatz in 16567 Sch\u00f6nflie\u00df, Reitweg (Am Gartencenter) Der Veranstalter empfiehlt die Anreise mit \u00f6ffentlichen Verkehrsmitteln, da nur begrenzte Parkm\u00f6glichkeiten zur Verf\u00fcgung stehen! Startunterlagen\/Meldeb\u00fcro: Die Abholung der Startnummern erfolgt am Samstag, 9.5.2026, zwischen 14:00 <a class=\"more-link\" href=\"https:\/\/www.rundendreher.de\/rundendreher-sta\/kinderlauf\/ausschreibung\/\">weiterlesen&#8230;<\/a><\/p>\n","protected":false},"author":1,"featured_media":0,"parent":11,"menu_order":0,"comment_status":"closed","ping_status":"closed","template":"","meta":[],"_links":{"self":[{"href":"https:\/\/www.rundendreher.de\/rundendreher-sta\/wp-json\/wp\/v2\/pages\/453"}],"collection":[{"href":"https:\/\/www.rundendreher.de\/rundendreher-sta\/wp-json\/wp\/v2\/pages"}],"about":[{"href":"https:\/\/www.rundendreher.de\/rundendreher-sta\/wp-json\/wp\/v2\/types\/page"}],"author":[{"embeddable":true,"href":"https:\/\/www.rundendreher.de\/rundendreher-sta\/wp-json\/wp\/v2\/users\/1"}],"replies":[{"embeddable":true,"href":"https:\/\/www.rundendreher.de\/rundendreher-sta\/wp-json\/wp\/v2\/comments?post=453"}],"version-history":[{"count":14,"href":"https:\/\/www.rundendreher.de\/rundendreher-sta\/wp-json\/wp\/v2\/pages\/453\/revisions"}],"predecessor-version":[{"id":679,"href":"https:\/\/www.rundendreher.de\/rundendreher-sta\/wp-json\/wp\/v2\/pages\/453\/revisions\/679"}],"up":[{"embeddable":true,"href":"https:\/\/www.rundendreher.de\/rundendreher-sta\/wp-json\/wp\/v2\/pages\/11"}],"wp:attachment":[{"href":"https:\/\/www.rundendreher.de\/rundendreher-sta\/wp-json\/wp\/v2\/media?parent=453"}],"curies":[{"name":"wp","href":"https:\/\/api.w.org\/{rel}","templated":true}]}}