{"id":41,"date":"2017-08-31T15:34:51","date_gmt":"2017-08-31T15:34:51","guid":{"rendered":"http:\/\/www.rundendreher.de\/?page_id=41"},"modified":"2025-03-18T12:35:45","modified_gmt":"2025-03-18T12:35:45","slug":"laufen","status":"publish","type":"page","link":"https:\/\/www.rundendreher.de\/rundendreher-sta\/abteilungen\/laufen\/","title":{"rendered":"Laufen"},"content":{"rendered":"\n<p>Ob jung oder alt, ob schnell oder langsam. Bei uns ist f\u00fcr jeden etwas vorhanden.<\/p>\n\n\n\n<p>Wir treffen uns, um gemeinsam Runden durchs M\u00fchlenbecker Land zu drehen.<\/p>\n\n\n\n<p><\/p>\n\n\n\n<p>Je nach Anzahl und Trainingsintensit\u00e4t der Teilnehmer unterteilen wir uns dabei in individuelle Gruppen.<\/p>\n\n\n\n<p><strong>Trainingszeiten:<\/strong><\/p>\n\n\n\n<p>individuell nach Absprache<\/p>\n\n\n\n<div class=\"wp-block-image\"><figure class=\"alignleft size-full\"><img loading=\"lazy\" width=\"800\" height=\"799\" src=\"https:\/\/www.rundendreher.de\/rundendreher-sta\/wp-content\/uploads\/2024\/01\/93142410_3142838979071793_9079864234463985664_n.png\" alt=\"\" class=\"wp-image-415\" srcset=\"https:\/\/www.rundendreher.de\/rundendreher-sta\/wp-content\/uploads\/2024\/01\/93142410_3142838979071793_9079864234463985664_n.png 800w, https:\/\/www.rundendreher.de\/rundendreher-sta\/wp-content\/uploads\/2024\/01\/93142410_3142838979071793_9079864234463985664_n-300x300.png 300w, https:\/\/www.rundendreher.de\/rundendreher-sta\/wp-content\/uploads\/2024\/01\/93142410_3142838979071793_9079864234463985664_n-150x150.png 150w, https:\/\/www.rundendreher.de\/rundendreher-sta\/wp-content\/uploads\/2024\/01\/93142410_3142838979071793_9079864234463985664_n-768x767.png 768w\" sizes=\"(max-width: 800px) 100vw, 800px\" \/><figcaption>Bild wird aktualiesiert<\/figcaption><\/figure><\/div>\n","protected":false},"excerpt":{"rendered":"<p>Ob jung oder alt, ob schnell oder langsam. Bei uns ist f\u00fcr jeden etwas vorhanden. Wir treffen uns, um gemeinsam Runden durchs M\u00fchlenbecker Land zu drehen. Je nach Anzahl und Trainingsintensit\u00e4t der Teilnehmer unterteilen wir uns dabei in individuelle Gruppen. Trainingszeiten: individuell nach Absprache<\/p>\n","protected":false},"author":1,"featured_media":0,"parent":15,"menu_order":0,"comment_status":"closed","ping_status":"closed","template":"","meta":[],"_links":{"self":[{"href":"https:\/\/www.rundendreher.de\/rundendreher-sta\/wp-json\/wp\/v2\/pages\/41"}],"collection":[{"href":"https:\/\/www.rundendreher.de\/rundendreher-sta\/wp-json\/wp\/v2\/pages"}],"about":[{"href":"https:\/\/www.rundendreher.de\/rundendreher-sta\/wp-json\/wp\/v2\/types\/page"}],"author":[{"embeddable":true,"href":"https:\/\/www.rundendreher.de\/rundendreher-sta\/wp-json\/wp\/v2\/users\/1"}],"replies":[{"embeddable":true,"href":"https:\/\/www.rundendreher.de\/rundendreher-sta\/wp-json\/wp\/v2\/comments?post=41"}],"version-history":[{"count":12,"href":"https:\/\/www.rundendreher.de\/rundendreher-sta\/wp-json\/wp\/v2\/pages\/41\/revisions"}],"predecessor-version":[{"id":417,"href":"https:\/\/www.rundendreher.de\/rundendreher-sta\/wp-json\/wp\/v2\/pages\/41\/revisions\/417"}],"up":[{"embeddable":true,"href":"https:\/\/www.rundendreher.de\/rundendreher-sta\/wp-json\/wp\/v2\/pages\/15"}],"wp:attachment":[{"href":"https:\/\/www.rundendreher.de\/rundendreher-sta\/wp-json\/wp\/v2\/media?parent=41"}],"curies":[{"name":"wp","href":"https:\/\/api.w.org\/{rel}","templated":true}]}}