{"id":36,"date":"2017-08-31T15:17:02","date_gmt":"2017-08-31T15:17:02","guid":{"rendered":"http:\/\/www.rundendreher.de\/?page_id=36"},"modified":"2025-03-18T12:37:18","modified_gmt":"2025-03-18T12:37:18","slug":"abteilung-walken","status":"publish","type":"page","link":"https:\/\/www.rundendreher.de\/rundendreher-sta\/abteilungen\/abteilung-walken\/","title":{"rendered":"Walken"},"content":{"rendered":"<p><img loading=\"lazy\" class=\"size-medium wp-image-139 alignleft\" src=\"https:\/\/www.rundendreher.de\/wp-content\/uploads\/2017\/08\/IMG_20170525_113821-300x225.jpg\" alt=\"\" width=\"300\" height=\"225\" srcset=\"https:\/\/www.rundendreher.de\/rundendreher-sta\/wp-content\/uploads\/2017\/08\/IMG_20170525_113821-300x225.jpg 300w, https:\/\/www.rundendreher.de\/rundendreher-sta\/wp-content\/uploads\/2017\/08\/IMG_20170525_113821-768x576.jpg 768w, https:\/\/www.rundendreher.de\/rundendreher-sta\/wp-content\/uploads\/2017\/08\/IMG_20170525_113821-1024x768.jpg 1024w\" sizes=\"(max-width: 300px) 100vw, 300px\" \/>Schnellen Schrittes durch das M\u00fchlenbecker Land.<\/p>\n<p>Entlang der bunten Felder oder durch die W\u00e4lder, unsere Strecken sind abwechslungsreich.<\/p>\n<p>Das Tempo und die L\u00e4nge wird dabei individuell an die Teilnehmer angepasst und ist f\u00fcr jeden geeignet.<\/p>\n<p><strong>Trainingszeiten:<\/strong><\/p>\n<p>auf Nachfrage<\/p>\n","protected":false},"excerpt":{"rendered":"<p>Schnellen Schrittes durch das M\u00fchlenbecker Land. Entlang der bunten Felder oder durch die W\u00e4lder, unsere Strecken sind abwechslungsreich. Das Tempo und die L\u00e4nge wird dabei individuell an die Teilnehmer angepasst und ist f\u00fcr jeden geeignet. Trainingszeiten: auf Nachfrage<\/p>\n","protected":false},"author":1,"featured_media":0,"parent":15,"menu_order":0,"comment_status":"closed","ping_status":"closed","template":"","meta":[],"_links":{"self":[{"href":"https:\/\/www.rundendreher.de\/rundendreher-sta\/wp-json\/wp\/v2\/pages\/36"}],"collection":[{"href":"https:\/\/www.rundendreher.de\/rundendreher-sta\/wp-json\/wp\/v2\/pages"}],"about":[{"href":"https:\/\/www.rundendreher.de\/rundendreher-sta\/wp-json\/wp\/v2\/types\/page"}],"author":[{"embeddable":true,"href":"https:\/\/www.rundendreher.de\/rundendreher-sta\/wp-json\/wp\/v2\/users\/1"}],"replies":[{"embeddable":true,"href":"https:\/\/www.rundendreher.de\/rundendreher-sta\/wp-json\/wp\/v2\/comments?post=36"}],"version-history":[{"count":12,"href":"https:\/\/www.rundendreher.de\/rundendreher-sta\/wp-json\/wp\/v2\/pages\/36\/revisions"}],"predecessor-version":[{"id":486,"href":"https:\/\/www.rundendreher.de\/rundendreher-sta\/wp-json\/wp\/v2\/pages\/36\/revisions\/486"}],"up":[{"embeddable":true,"href":"https:\/\/www.rundendreher.de\/rundendreher-sta\/wp-json\/wp\/v2\/pages\/15"}],"wp:attachment":[{"href":"https:\/\/www.rundendreher.de\/rundendreher-sta\/wp-json\/wp\/v2\/media?parent=36"}],"curies":[{"name":"wp","href":"https:\/\/api.w.org\/{rel}","templated":true}]}}