{"id":22,"date":"2017-08-08T19:46:50","date_gmt":"2017-08-08T19:46:50","guid":{"rendered":"http:\/\/www.rundendreher.de\/?page_id=22"},"modified":"2025-03-18T22:08:38","modified_gmt":"2025-03-18T22:08:38","slug":"der-verein","status":"publish","type":"page","link":"https:\/\/www.rundendreher.de\/rundendreher-sta\/der-verein\/","title":{"rendered":"Der Verein"},"content":{"rendered":"\n<h1 class=\"has-black-color has-text-color\"><strong>Der Verein Rundendreher e.V.<\/strong><\/h1>\n\n\n\n<div class=\"wp-block-columns\">\n<div class=\"wp-block-column\" style=\"flex-basis:66.66%\">\n<p>Wir Rundendreher haben uns am 12.08.2012 gegr\u00fcndet, mit dem Ziel, die Sportarten, bei denen man wortw\u00f6rtlich seine Runden dreht, zu f\u00f6rdern. <\/p>\n\n\n\n<p>Um die Angebote des Vereins nutzen zu k\u00f6nnen, ist eine Mitgliedschaft n\u00f6tig. Diese kann mit dem Aufnahmeformular beantragt werden. Die Satzung und die Beitragordnung regeln die Rechte und Pflichten unserer Mitglieder. <\/p>\n<\/div>\n\n\n\n<div class=\"wp-block-column\" style=\"flex-basis:33.33%\">\n<figure class=\"wp-block-image size-medium\"><img loading=\"lazy\" width=\"300\" height=\"174\" src=\"https:\/\/www.rundendreher.de\/rundendreher-sta\/wp-content\/uploads\/2017\/08\/Rundendreher-gd-63a-1b-300x174.jpg\" alt=\"\" class=\"wp-image-4\" srcset=\"https:\/\/www.rundendreher.de\/rundendreher-sta\/wp-content\/uploads\/2017\/08\/Rundendreher-gd-63a-1b-300x174.jpg 300w, https:\/\/www.rundendreher.de\/rundendreher-sta\/wp-content\/uploads\/2017\/08\/Rundendreher-gd-63a-1b-768x447.jpg 768w, https:\/\/www.rundendreher.de\/rundendreher-sta\/wp-content\/uploads\/2017\/08\/Rundendreher-gd-63a-1b-1024x595.jpg 1024w, https:\/\/www.rundendreher.de\/rundendreher-sta\/wp-content\/uploads\/2017\/08\/Rundendreher-gd-63a-1b.jpg 1111w\" sizes=\"(max-width: 300px) 100vw, 300px\" \/><\/figure>\n<\/div>\n<\/div>\n\n\n\n<h2>Formulare, Satzungen und Beitragsordnung<\/h2>\n\n\n\n<ul><li><a href=\"http:\/\/www.rundendreher.de\/rundendreher-sta\/wp-content\/uploads\/2024\/05\/Aufnahme_Formular-2024.pdf\">Aufnahme_Formular<\/a><\/li><li><a href=\"http:\/\/www.rundendreher.de\/rundendreher-sta\/wp-content\/uploads\/2017\/08\/Rundendreher-Satzung_Auflage-3_-vom-17_02_2017.pdf\">Rundendreher Satzung_Auflage 3_ vom 17_02_2017<\/a><\/li><li><a href=\"http:\/\/www.rundendreher.de\/rundendreher-sta\/wp-content\/uploads\/2017\/08\/Beitragsordnung-2017.pdf\">Beitragsordnung 2017<\/a><\/li><\/ul>\n\n\n\n<p>Zur Zeit sind wir in den Sportarten Laufen, Walken, Kinderleichtathletik, Radfahren, Triathlon und Fitness aktiv t\u00e4tig.<\/p>\n","protected":false},"excerpt":{"rendered":"<p>Der Verein Rundendreher e.V. Wir Rundendreher haben uns am 12.08.2012 gegr\u00fcndet, mit dem Ziel, die Sportarten, bei denen man wortw\u00f6rtlich seine Runden dreht, zu f\u00f6rdern. Um die Angebote des Vereins nutzen zu k\u00f6nnen, ist eine Mitgliedschaft n\u00f6tig. Diese kann mit dem Aufnahmeformular beantragt werden. Die Satzung und die Beitragordnung regeln die Rechte und Pflichten unserer <a class=\"more-link\" href=\"https:\/\/www.rundendreher.de\/rundendreher-sta\/der-verein\/\">weiterlesen&#8230;<\/a><\/p>\n","protected":false},"author":1,"featured_media":0,"parent":0,"menu_order":5,"comment_status":"closed","ping_status":"closed","template":"onecolumn-page.php","meta":[],"_links":{"self":[{"href":"https:\/\/www.rundendreher.de\/rundendreher-sta\/wp-json\/wp\/v2\/pages\/22"}],"collection":[{"href":"https:\/\/www.rundendreher.de\/rundendreher-sta\/wp-json\/wp\/v2\/pages"}],"about":[{"href":"https:\/\/www.rundendreher.de\/rundendreher-sta\/wp-json\/wp\/v2\/types\/page"}],"author":[{"embeddable":true,"href":"https:\/\/www.rundendreher.de\/rundendreher-sta\/wp-json\/wp\/v2\/users\/1"}],"replies":[{"embeddable":true,"href":"https:\/\/www.rundendreher.de\/rundendreher-sta\/wp-json\/wp\/v2\/comments?post=22"}],"version-history":[{"count":9,"href":"https:\/\/www.rundendreher.de\/rundendreher-sta\/wp-json\/wp\/v2\/pages\/22\/revisions"}],"predecessor-version":[{"id":579,"href":"https:\/\/www.rundendreher.de\/rundendreher-sta\/wp-json\/wp\/v2\/pages\/22\/revisions\/579"}],"wp:attachment":[{"href":"https:\/\/www.rundendreher.de\/rundendreher-sta\/wp-json\/wp\/v2\/media?parent=22"}],"curies":[{"name":"wp","href":"https:\/\/api.w.org\/{rel}","templated":true}]}}