{"id":2,"date":"2025-09-19T13:47:28","date_gmt":"2025-09-19T13:47:28","guid":{"rendered":"http:\/\/rundendreher.de\/?page_id=2"},"modified":"2025-09-19T13:47:29","modified_gmt":"2025-09-19T13:47:29","slug":"sample-page","status":"publish","type":"page","link":"https:\/\/www.rundendreher.de\/rundendreher-sta\/","title":{"rendered":"Startseite"},"content":{"rendered":"\n<h1 class=\"wp-block-heading\">Herzlich Willkommen beim Rundendreher e.V. \u2013 Dein Sportverein im M\u00fchlenbecker Land!<\/h1>\n\n\n\n<p>Du suchst Bewegung, Gemeinschaft und Spa\u00df am Sport? Dann bist Du bei uns genau richtig!<\/p>\n\n\n\n<p>Der <strong>Rundendreher e.V.<\/strong> ist dein Sportverein am Nordberliner Stadtrand und bietet ein vielseitiges Angebot f\u00fcr alle Altersgruppen:<\/p>\n\n\n\n<p><strong>Kinderleichtathletik<\/strong> \u2013 spielerisch fit werden                                                                                 <strong>Laufen &amp; Walken<\/strong> \u2013 gemeinsam die sch\u00f6nsten Strecken erkunden<br><strong>Radsport &amp; Triathlon<\/strong> \u2013 Ausdauer, Kraft &amp; Teamgeist erleben<br><strong>Fitness<\/strong> \u2013 Kraft, Ausdauer &amp; Beweglichkeit steigern<br><strong>Stand-Up-Paddling (SUP)<\/strong> \u2013 Balance, Spa\u00df &amp; Natur auf dem Wasser genie\u00dfen<\/p>\n\n\n\n<p>Egal ob Einsteiger oder Profi \u2013 bei uns findest Du die perfekte Sportart!<\/p>\n\n\n\n<p><strong>Lust auf mehr?<\/strong> Schreib uns: <a>info@rundendreher.de<\/a><br><strong>Mitglied werden?<\/strong> Schlie\u00df Dich uns an und Dreh mit uns Deine Runden!<\/p>\n\n\n\n<p>Erfahre auf den n\u00e4chsten Seiten mehr \u00fcber uns und unser Angebot. Wir freuen uns auf Dich!<\/p>\n\n\n\n<p>Unsere Sportangebote sind f\u00fcr Interessierte aus Glienicke \/ Nordbahn, Sch\u00f6nflie\u00df, Schildow, M\u00fchlenbeck, Bergfelde, Hohen Neuendorf und ganz Nord Berlin.<\/p>\n\n\n\n<p>Du m\u00f6chtest mit uns zusammen Sport treiben und Mitglied werden?<br>Hier gibt es die Formulare.<br><a rel=\"noreferrer noopener\" href=\"https:\/\/www.rundendreher.de\/rundendreher-sta\/wp-content\/uploads\/2024\/05\/Aufnahme_Formular-2024.pdf\" target=\"_blank\">Aufnahmeformular<\/a><\/p>\n\n\n\n<p><strong>Eure Rundendreher<\/strong><\/p>\n","protected":false},"excerpt":{"rendered":"<p>Herzlich Willkommen beim Rundendreher e.V. \u2013 Dein Sportverein im M\u00fchlenbecker Land! Du suchst Bewegung, Gemeinschaft und Spa\u00df am Sport? Dann bist Du bei uns genau richtig! Der Rundendreher e.V. ist dein Sportverein am Nordberliner Stadtrand und bietet ein vielseitiges Angebot f\u00fcr alle Altersgruppen: Kinderleichtathletik \u2013 spielerisch fit werden Laufen &amp; Walken \u2013 gemeinsam die sch\u00f6nsten <a class=\"more-link\" href=\"https:\/\/www.rundendreher.de\/rundendreher-sta\/\">weiterlesen&#8230;<\/a><\/p>\n","protected":false},"author":1,"featured_media":0,"parent":0,"menu_order":0,"comment_status":"closed","ping_status":"open","template":"","meta":[],"_links":{"self":[{"href":"https:\/\/www.rundendreher.de\/rundendreher-sta\/wp-json\/wp\/v2\/pages\/2"}],"collection":[{"href":"https:\/\/www.rundendreher.de\/rundendreher-sta\/wp-json\/wp\/v2\/pages"}],"about":[{"href":"https:\/\/www.rundendreher.de\/rundendreher-sta\/wp-json\/wp\/v2\/types\/page"}],"author":[{"embeddable":true,"href":"https:\/\/www.rundendreher.de\/rundendreher-sta\/wp-json\/wp\/v2\/users\/1"}],"replies":[{"embeddable":true,"href":"https:\/\/www.rundendreher.de\/rundendreher-sta\/wp-json\/wp\/v2\/comments?post=2"}],"version-history":[{"count":23,"href":"https:\/\/www.rundendreher.de\/rundendreher-sta\/wp-json\/wp\/v2\/pages\/2\/revisions"}],"predecessor-version":[{"id":640,"href":"https:\/\/www.rundendreher.de\/rundendreher-sta\/wp-json\/wp\/v2\/pages\/2\/revisions\/640"}],"wp:attachment":[{"href":"https:\/\/www.rundendreher.de\/rundendreher-sta\/wp-json\/wp\/v2\/media?parent=2"}],"curies":[{"name":"wp","href":"https:\/\/api.w.org\/{rel}","templated":true}]}}