{"id":19,"date":"2017-08-08T19:46:22","date_gmt":"2017-08-08T19:46:22","guid":{"rendered":"http:\/\/www.rundendreher.de\/?page_id=19"},"modified":"2025-05-22T21:09:58","modified_gmt":"2025-05-22T21:09:58","slug":"newsletter","status":"publish","type":"page","link":"https:\/\/www.rundendreher.de\/rundendreher-sta\/der-verein\/newsletter\/","title":{"rendered":"Newsletter"},"content":{"rendered":"\n<p>Die Idee eines Newsletter entstand auf dem Jahresabschlusstreffen im Dezember 2023. Der Newsletter erscheint einmal im Quartal und enth\u00e4lt einen R\u00fcckblick auf die letzen 3 Monate und eine Aussicht, was in den n\u00e4chsten drei Monaten geplant ist. Ihr wollt auch den Newsletter?<br><\/p>\n\n\n\n<style type=\"text\/css\" scoped>\n    .mauticform_wrapper { max-width: 600px; margin: 10px auto; }\n    .mauticform-innerform {}\n    .mauticform-post-success {}\n    .mauticform-name { font-weight: bold; font-size: 1.5em; margin-bottom: 3px; }\n    .mauticform-description { margin-top: 2px; margin-bottom: 10px; }\n    .mauticform-error { margin-bottom: 10px; color: red; }\n    .mauticform-message { margin-bottom: 10px; color: green; }\n    .mauticform-row { display: block; margin-bottom: 20px; }\n    .mauticform-label { font-size: 1.1em; display: block; font-weight: bold; margin-bottom: 5px; }\n    .mauticform-row.mauticform-required .mauticform-label:after { color: #e32; content: \" *\"; display: inline; }\n    .mauticform-helpmessage { display: block; font-size: 0.9em; margin-bottom: 3px; }\n    .mauticform-errormsg { display: block; color: red; margin-top: 2px; }\n    .mauticform-selectbox, .mauticform-input, .mauticform-textarea { width: 100%; padding: 0.5em 0.5em; border: 1px solid #CCC; background: #fff; box-shadow: 0px 0px 0px #fff inset; border-radius: 4px; box-sizing: border-box; }\n    .mauticform-checkboxgrp-row {}\n    .mauticform-checkboxgrp-label { font-weight: normal; }\n    .mauticform-checkboxgrp-checkbox {}\n    .mauticform-radiogrp-row {}\n    .mauticform-radiogrp-label { font-weight: normal; }\n    .mauticform-radiogrp-radio {}\n    .mauticform-button-wrapper .mauticform-button.btn-ghost, .mauticform-pagebreak-wrapper .mauticform-pagebreak.btn-ghost { color: #5d6c7c;background-color: #ffffff;border-color: #dddddd;}\n    .mauticform-button-wrapper .mauticform-button, .mauticform-pagebreak-wrapper .mauticform-pagebreak { display: inline-block;margin-bottom: 0;font-weight: 600;text-align: center;vertical-align: middle;cursor: pointer;background-image: none;border: 1px solid transparent;white-space: nowrap;padding: 6px 12px;font-size: 13px;line-height: 1.3856;border-radius: 3px;-webkit-user-select: none;-moz-user-select: none;-ms-user-select: none;user-select: none;}\n    .mauticform-button-wrapper .mauticform-button.btn-ghost[disabled], .mauticform-pagebreak-wrapper .mauticform-pagebreak.btn-ghost[disabled] { background-color: #ffffff; border-color: #dddddd; opacity: 0.75; cursor: not-allowed; }\n    .mauticform-pagebreak-wrapper .mauticform-button-wrapper {  display: inline; }\n\n    \/**\n    * @see https:\/\/github.com\/TarekRaafat\/autoComplete.js\/blob\/master\/dist\/css\/autoComplete.02.css.\n    *\/\n    .autoComplete_wrapper {position: relative;}\n    .autoComplete_wrapper > input::placeholder {transition: all 0.3s ease;}\n    .autoComplete_wrapper > ul {position: absolute;max-height: 226px;overflow-y: scroll;top: 100%;left: 0;right: 0;padding: 0;margin: 0.5rem 0 0 0;border-radius: 4px;background-color: #fff;border: 1px solid rgba(33, 33, 33, 0.1);z-index: 1000;outline: none;}\n    .autoComplete_wrapper > ul > li {padding: 10px 20px;list-style: none;text-align: left;font-size: 16px;color: #212121;transition: all 0.1s ease-in-out;border-radius: 3px;background-color: rgba(255, 255, 255, 1);white-space: nowrap;overflow: hidden;text-overflow: ellipsis;transition: all 0.2s ease;}\n    .autoComplete_wrapper > ul > li > span {float: right;}\n    .autoComplete_wrapper > ul > li::selection {color: rgba(#ffffff, 0);background-color: rgba(#ffffff, 0);}\n    .autoComplete_wrapper > ul > li:hover {cursor: pointer;background-color: rgba(123, 123, 123, 0.1);}\n    .autoComplete_wrapper > ul > li mark {background-color: transparent;font-weight: bold;}\n    .autoComplete_wrapper > ul > li mark::selection {background-color: rgba(#ffffff, 0);}\n    .autoComplete_wrapper > ul > li[aria-selected=\"true\"] {background-color: rgba(123, 123, 123, 0.1);}\n    @media only screen and (max-width: 600px) {\n      .autoComplete_wrapper > input {width: 18rem;}\n    }\n<\/style>\n\n<style type=\"text\/css\" scoped>\n    .mauticform-field-hidden { display:none }\n<\/style>\n<div id=\"mauticform_wrapper_newsletteranmeldung\" class=\"mauticform_wrapper\">\n    <form autocomplete=\"false\" role=\"form\" method=\"post\" action=\"http:\/\/newsletter.rundendreher.de\/form\/submit?formId=1\" id=\"mauticform_newsletteranmeldung\" data-mautic-form=\"newsletteranmeldung\" enctype=\"multipart\/form-data\" name=\"rd-form\"><div class=\"mauticform-error\" id=\"mauticform_newsletteranmeldung_error\"><\/div>\n            <div class=\"mauticform-message\" id=\"mauticform_newsletteranmeldung_message\"><\/div><div class=\"mauticform-innerform\">\n            <div class=\"mauticform-page-wrapper mauticform-page-1\" data-mautic-form-page=\"1\">\n                  \n      \n  \n    \n    \n<div id=\"mauticform_newsletteranmeldung_f_newsletteranmeldung\" class=\"mauticform-row mauticform-freetext mauticform-field-1\">\n  <h3 id=\"mauticform_label_newsletteranmeldung_f_newsletteranmeldung\" for=\"mauticform_input_newsletteranmeldung_f_newsletteranmeldung\" class=\"mauticform-label\">Newsletteranmeldung<\/h3>  <div name=\"mauticform[f_newsletteranmeldung]\" value=\"\" id=\"mauticform_input_newsletteranmeldung_f_newsletteranmeldung\" class=\"mauticform-freetext\">\n    <p>Melde Dich jetzt an!<\/p>\n  <\/div>\n<\/div>\n\n                  \n\n\n      \n  \n    \n\n\n    \n\n                    \n<div id=\"mauticform_newsletteranmeldung_email\" class=\"mauticform-row mauticform-email mauticform-field-2 mauticform-required\" data-validate=\"email\" data-validation-type=\"email\">\n  <label id=\"mauticform_label_newsletteranmeldung_email\" for=\"mauticform_input_newsletteranmeldung_email\" class=\"mauticform-label\">E-Mail<\/label>\n  \n      <input type=\"email\" name=\"mauticform[email]\" value=\"\" id=\"mauticform_input_newsletteranmeldung_email\" class=\"mauticform-input\">\n  \n  <span class=\"mauticform-errormsg\" style=\"display:none;\">Erforderlich<\/span>\n<\/div>\n                  \n      \n  \n    \n    \n<div id=\"mauticform_newsletteranmeldung_submit\" class=\"mauticform-row mauticform-button-wrapper mauticform-field-3\">\n  <button class=\"btn btn-ghost mauticform-button\" name=\"mauticform[submit]\" value=\"1\" id=\"mauticform_input_newsletteranmeldung_submit\" type=\"submit\">Absenden<\/button>\n<\/div>\n                  <\/div><\/div><input type=\"hidden\" name=\"mauticform[formId]\" id=\"mauticform_newsletteranmeldung_id\" value=\"1\">\n        <input type=\"hidden\" name=\"mauticform[return]\" id=\"mauticform_newsletteranmeldung_return\" value=\"\">\n        <input type=\"hidden\" name=\"mauticform[formName]\" id=\"mauticform_newsletteranmeldung_name\" value=\"newsletteranmeldung\">\n        \n    <\/form>\n<\/div>\n\n\n\n\n<p><br>Wir w\u00fcnschen viel Spa\u00df beim Lesen<br><br>Newsletterarchiv:<\/p>\n\n\n\n<p><a href=\"https:\/\/www.rundendreher.de\/wp-content\/uploads\/2025\/05\/2025-03_Newsletter_8.pdf\" data-type=\"link\" data-id=\"https:\/\/www.rundendreher.de\/wp-content\/uploads\/2025\/05\/2025-03_Newsletter_8.pdf\" target=\"_blank\" rel=\"noreferrer noopener\">Ausgabe 8 (03\/2025)<\/a><\/p>\n\n\n\n<p><a href=\"https:\/\/www.rundendreher.de\/wp-content\/uploads\/2025\/05\/2025-01_Newsletter_7.pdf\" target=\"_blank\" rel=\"noreferrer noopener\">Ausgabe 7 (01\/2025)<\/a><\/p>\n\n\n\n<p><a href=\"https:\/\/www.rundendreher.de\/wp-content\/uploads\/2025\/05\/2024-12_Newsletter_6.pdf\" target=\"_blank\" rel=\"noreferrer noopener\">Ausgabe 6 (12\/2024)<\/a><\/p>\n\n\n\n<p><a href=\"https:\/\/www.rundendreher.de\/wp-content\/uploads\/2025\/05\/2024-09_Newsletter_5.pdf\" target=\"_blank\" rel=\"noreferrer noopener\">Ausgabe 5 (09\/2024)<\/a><\/p>\n\n\n\n<p><a href=\"https:\/\/www.rundendreher.de\/wp-content\/uploads\/2025\/05\/2024-06_Newsletter_4.pdf\" target=\"_blank\" rel=\"noreferrer noopener\">Ausgabe 4 (06\/2024)<\/a><\/p>\n\n\n\n<p><a href=\"https:\/\/www.rundendreher.de\/wp-content\/uploads\/2025\/05\/2024-05_Newsletter_3.pdf\" target=\"_blank\" rel=\"noreferrer noopener\">Ausgabe 3 (05\/2024)<\/a><\/p>\n\n\n\n<p><a href=\"https:\/\/www.rundendreher.de\/wp-content\/uploads\/2025\/05\/2024-03_Newsletter_2.pdf\" target=\"_blank\" rel=\"noreferrer noopener\">Ausgabe 2 (03\/2024)<\/a><\/p>\n\n\n\n<p><a href=\"https:\/\/www.rundendreher.de\/wp-content\/uploads\/2025\/05\/2023-12_Newsletter_1.pdf\" target=\"_blank\" rel=\"noreferrer noopener\">Ausgabe 1 (12\/2023)<\/a><br><\/p>\n","protected":false},"excerpt":{"rendered":"<p>Die Idee eines Newsletter entstand auf dem Jahresabschlusstreffen im Dezember 2023. Der Newsletter erscheint einmal im Quartal und enth\u00e4lt einen R\u00fcckblick auf die letzen 3 Monate und eine Aussicht, was in den n\u00e4chsten drei Monaten geplant ist. Ihr wollt auch den Newsletter? Newsletteranmeldung Melde Dich jetzt an! E-Mail Erforderlich Absenden Wir w\u00fcnschen viel Spa\u00df beim <a class=\"more-link\" href=\"https:\/\/www.rundendreher.de\/rundendreher-sta\/der-verein\/newsletter\/\">weiterlesen&#8230;<\/a><\/p>\n","protected":false},"author":1,"featured_media":0,"parent":22,"menu_order":4,"comment_status":"closed","ping_status":"closed","template":"","meta":[],"_links":{"self":[{"href":"https:\/\/www.rundendreher.de\/rundendreher-sta\/wp-json\/wp\/v2\/pages\/19"}],"collection":[{"href":"https:\/\/www.rundendreher.de\/rundendreher-sta\/wp-json\/wp\/v2\/pages"}],"about":[{"href":"https:\/\/www.rundendreher.de\/rundendreher-sta\/wp-json\/wp\/v2\/types\/page"}],"author":[{"embeddable":true,"href":"https:\/\/www.rundendreher.de\/rundendreher-sta\/wp-json\/wp\/v2\/users\/1"}],"replies":[{"embeddable":true,"href":"https:\/\/www.rundendreher.de\/rundendreher-sta\/wp-json\/wp\/v2\/comments?post=19"}],"version-history":[{"count":14,"href":"https:\/\/www.rundendreher.de\/rundendreher-sta\/wp-json\/wp\/v2\/pages\/19\/revisions"}],"predecessor-version":[{"id":670,"href":"https:\/\/www.rundendreher.de\/rundendreher-sta\/wp-json\/wp\/v2\/pages\/19\/revisions\/670"}],"up":[{"embeddable":true,"href":"https:\/\/www.rundendreher.de\/rundendreher-sta\/wp-json\/wp\/v2\/pages\/22"}],"wp:attachment":[{"href":"https:\/\/www.rundendreher.de\/rundendreher-sta\/wp-json\/wp\/v2\/media?parent=19"}],"curies":[{"name":"wp","href":"https:\/\/api.w.org\/{rel}","templated":true}]}}