{"id":15,"date":"2017-08-08T19:44:08","date_gmt":"2017-08-08T19:44:08","guid":{"rendered":"http:\/\/www.rundendreher.de\/?page_id=15"},"modified":"2025-05-20T14:16:57","modified_gmt":"2025-05-20T14:16:57","slug":"abteilungen","status":"publish","type":"page","link":"https:\/\/www.rundendreher.de\/rundendreher-sta\/abteilungen\/","title":{"rendered":"Abteilungen"},"content":{"rendered":"\n<h2 class=\"wp-block-heading has-text-color\" style=\"color:#026002\"><strong>Unsere Abteilungen im \u00dcberblick:<\/strong><\/h2>\n\n\n\n<p>Wir haben mehrere sportliche Aktivit\u00e4ten im Angebot.<\/p>\n\n\n\n<p><\/p>\n\n\n\n<p><span style=\"color:#025b02\" class=\"has-inline-color\"><strong><a href=\"https:\/\/www.rundendreher.de\/abteilungen\/kinderleichtathletik\/\" data-type=\"page\" data-id=\"60\">Kinderleichtathletik<\/a><\/strong><\/span> &#8211; spa\u00df- und\/oder wettkampforientiert<\/p>\n\n\n\n<p><strong><span style=\"color:#025b02\" class=\"has-inline-color\"><a href=\"https:\/\/www.rundendreher.de\/abteilungen\/laufen\/\" data-type=\"page\" data-id=\"41\">Laufen oder Walken<\/a><\/span><\/strong> &#8211; so wie jeder kann<\/p>\n\n\n\n<p><strong><span style=\"color:#025b02\" class=\"has-inline-color\"><a href=\"https:\/\/www.rundendreher.de\/abteilungen\/triathlon\/\" data-type=\"page\" data-id=\"67\">Triathlon<\/a><\/span><\/strong> &#8211; wer mehr als eine Sportart machen m\u00f6chte<\/p>\n\n\n\n<p><strong><span style=\"color:#025b02\" class=\"has-inline-color\"><a href=\"https:\/\/www.rundendreher.de\/abteilungen\/fitness\/\" data-type=\"page\" data-id=\"69\">Fitness<\/a><\/span><\/strong> &#8211; aber nur mit dem eigenen K\u00f6rpergewicht<\/p>\n\n\n\n<p><strong><span style=\"color:#025b02\" class=\"has-inline-color\"><a href=\"https:\/\/www.rundendreher.de\/abteilungen\/sup\/\" data-type=\"page\" data-id=\"381\">SUP<\/a><\/span><\/strong> &#8211; Stand-Up-Paddling f\u00fcr Gro\u00df und Klein<\/p>\n\n\n\n<p><\/p>\n","protected":false},"excerpt":{"rendered":"<p>Unsere Abteilungen im \u00dcberblick: Wir haben mehrere sportliche Aktivit\u00e4ten im Angebot. Kinderleichtathletik &#8211; spa\u00df- und\/oder wettkampforientiert Laufen oder Walken &#8211; so wie jeder kann Triathlon &#8211; wer mehr als eine Sportart machen m\u00f6chte Fitness &#8211; aber nur mit dem eigenen K\u00f6rpergewicht SUP &#8211; Stand-Up-Paddling f\u00fcr Gro\u00df und Klein<\/p>\n","protected":false},"author":1,"featured_media":0,"parent":0,"menu_order":2,"comment_status":"closed","ping_status":"closed","template":"","meta":[],"_links":{"self":[{"href":"https:\/\/www.rundendreher.de\/rundendreher-sta\/wp-json\/wp\/v2\/pages\/15"}],"collection":[{"href":"https:\/\/www.rundendreher.de\/rundendreher-sta\/wp-json\/wp\/v2\/pages"}],"about":[{"href":"https:\/\/www.rundendreher.de\/rundendreher-sta\/wp-json\/wp\/v2\/types\/page"}],"author":[{"embeddable":true,"href":"https:\/\/www.rundendreher.de\/rundendreher-sta\/wp-json\/wp\/v2\/users\/1"}],"replies":[{"embeddable":true,"href":"https:\/\/www.rundendreher.de\/rundendreher-sta\/wp-json\/wp\/v2\/comments?post=15"}],"version-history":[{"count":12,"href":"https:\/\/www.rundendreher.de\/rundendreher-sta\/wp-json\/wp\/v2\/pages\/15\/revisions"}],"predecessor-version":[{"id":621,"href":"https:\/\/www.rundendreher.de\/rundendreher-sta\/wp-json\/wp\/v2\/pages\/15\/revisions\/621"}],"wp:attachment":[{"href":"https:\/\/www.rundendreher.de\/rundendreher-sta\/wp-json\/wp\/v2\/media?parent=15"}],"curies":[{"name":"wp","href":"https:\/\/api.w.org\/{rel}","templated":true}]}}