{"id":130,"date":"2018-02-07T19:30:36","date_gmt":"2018-02-07T19:30:36","guid":{"rendered":"http:\/\/www.rundendreher.de\/?page_id=130"},"modified":"2025-04-01T19:24:13","modified_gmt":"2025-04-01T19:24:13","slug":"sportabzeichen","status":"publish","type":"page","link":"https:\/\/www.rundendreher.de\/rundendreher-sta\/sportabzeichen\/","title":{"rendered":"Sportabzeichen"},"content":{"rendered":"\n<h1><strong>Sportabzeichen<\/strong><\/h1>\n\n\n\n<p>Bei uns habt ihr die M\u00f6glichkeit, das Deutsche Sportabzeichen abzulegen.<br>Um das Deutsche Sportabzeichen zu bekommen, m\u00fcsst ihr aus den Kategorien Ausdauer, Schnelligkeit, Kraft und Koordination eine Disziplin mindestens in Bronze erf\u00fcllen und einen Schwimmnachweis erbringen.<br>Dieser ist bei Kindern einmalig und bei Erwachsenen alle 5 Jahre zu erbringen.<\/p>\n\n\n\n<p>Folgende Disziplinen k\u00f6nnt ihr am n\u00e4chsten <strong>Sportabzeichentag im September<\/strong> auf dem Sportplatz in Schildow ablegen. Bitte vorab melden.<\/p>\n\n\n\n<p><strong>Ausdauer:<\/strong><br>Laufen \/ Walken<br><strong>Schnelligkeit:<\/strong><br>Sprint<br><strong>Kraft:<\/strong><br>Medizinball \/ Kugelsto\u00dfen \/ Standweitsprung<br><strong>Koordination:<\/strong><br>Weitsprung \/ Seilspringen<\/p>\n\n\n\n<p>Den Schwimmnachweis k\u00f6nnt ihr meist in den Schwimmb\u00e4dern bei einem Bademeister ablegen.<\/p>\n\n\n\n<p><strong>Kosten?<\/strong><br>F\u00fcr das Abnehmen der Pr\u00fcfung entstehen keine Kosten. Lediglich die Geb\u00fchren f\u00fcr die Urkunde m\u00fcsst ihr entrichten. Mit der Zusendung der Urkunde erhaltet ihr auch die Rechnung vom Landessportbund.<\/p>\n","protected":false},"excerpt":{"rendered":"<p>Sportabzeichen Bei uns habt ihr die M\u00f6glichkeit, das Deutsche Sportabzeichen abzulegen.Um das Deutsche Sportabzeichen zu bekommen, m\u00fcsst ihr aus den Kategorien Ausdauer, Schnelligkeit, Kraft und Koordination eine Disziplin mindestens in Bronze erf\u00fcllen und einen Schwimmnachweis erbringen.Dieser ist bei Kindern einmalig und bei Erwachsenen alle 5 Jahre zu erbringen. Folgende Disziplinen k\u00f6nnt ihr am n\u00e4chsten Sportabzeichentag <a class=\"more-link\" href=\"https:\/\/www.rundendreher.de\/rundendreher-sta\/sportabzeichen\/\">weiterlesen&#8230;<\/a><\/p>\n","protected":false},"author":1,"featured_media":0,"parent":0,"menu_order":5,"comment_status":"closed","ping_status":"closed","template":"","meta":[],"_links":{"self":[{"href":"https:\/\/www.rundendreher.de\/rundendreher-sta\/wp-json\/wp\/v2\/pages\/130"}],"collection":[{"href":"https:\/\/www.rundendreher.de\/rundendreher-sta\/wp-json\/wp\/v2\/pages"}],"about":[{"href":"https:\/\/www.rundendreher.de\/rundendreher-sta\/wp-json\/wp\/v2\/types\/page"}],"author":[{"embeddable":true,"href":"https:\/\/www.rundendreher.de\/rundendreher-sta\/wp-json\/wp\/v2\/users\/1"}],"replies":[{"embeddable":true,"href":"https:\/\/www.rundendreher.de\/rundendreher-sta\/wp-json\/wp\/v2\/comments?post=130"}],"version-history":[{"count":6,"href":"https:\/\/www.rundendreher.de\/rundendreher-sta\/wp-json\/wp\/v2\/pages\/130\/revisions"}],"predecessor-version":[{"id":587,"href":"https:\/\/www.rundendreher.de\/rundendreher-sta\/wp-json\/wp\/v2\/pages\/130\/revisions\/587"}],"wp:attachment":[{"href":"https:\/\/www.rundendreher.de\/rundendreher-sta\/wp-json\/wp\/v2\/media?parent=130"}],"curies":[{"name":"wp","href":"https:\/\/api.w.org\/{rel}","templated":true}]}}