{"id":11,"date":"2017-08-08T19:41:51","date_gmt":"2017-08-08T19:41:51","guid":{"rendered":"http:\/\/www.rundendreher.de\/?page_id=11"},"modified":"2026-05-08T14:22:23","modified_gmt":"2026-05-08T14:22:23","slug":"kinderlauf","status":"publish","type":"page","link":"https:\/\/www.rundendreher.de\/rundendreher-sta\/kinderlauf\/","title":{"rendered":"Kinderlauf"},"content":{"rendered":"\n<figure class=\"wp-block-image aligncenter\"><img loading=\"lazy\" width=\"300\" height=\"134\" src=\"http:\/\/www.rundendreher.de\/rundendreher-sta\/wp-content\/uploads\/2017\/08\/Sch\u00f6nflie\u00dfer-Kinderlauf-gd-63a-1a-300x134.png\" alt=\"\" class=\"wp-image-179\" srcset=\"https:\/\/www.rundendreher.de\/rundendreher-sta\/wp-content\/uploads\/2017\/08\/Sch\u00f6nflie\u00dfer-Kinderlauf-gd-63a-1a-300x134.png 300w, https:\/\/www.rundendreher.de\/rundendreher-sta\/wp-content\/uploads\/2017\/08\/Sch\u00f6nflie\u00dfer-Kinderlauf-gd-63a-1a-768x343.png 768w, https:\/\/www.rundendreher.de\/rundendreher-sta\/wp-content\/uploads\/2017\/08\/Sch\u00f6nflie\u00dfer-Kinderlauf-gd-63a-1a-1024x457.png 1024w\" sizes=\"(max-width: 300px) 100vw, 300px\" \/><\/figure>\n\n\n\n<h2 class=\"wp-block-heading alignwide has-text-align-center\"><strong>12. Sch\u00f6nflie\u00dfer Kinderlauf <\/strong><br><strong>am 10.05.2026<\/strong><\/h2>\n\n\n\n<p>Unsere Laufveranstaltung f\u00fcr alle Kinder von 4 bis 15 Jahren. Bei uns stehen die Kids im Mittelpunkt.<br>Alle Kinder erhalten im Ziel eine Urkunde und eine kleine \u00dcberraschung.<\/p>\n\n\n\n<p>Seid ihr fit? &#8211; Dann lauft mit! Wir freuen uns auf euch.<\/p>\n\n\n\n<div class=\"wp-block-columns\">\n<div class=\"wp-block-column\">\n<div class=\"wp-block-buttons\">\n<div class=\"wp-block-button has-custom-width wp-block-button__width-100\"><a class=\"wp-block-button__link has-background wp-element-button\" href=\"https:\/\/www.rundendreher.de\/rundendreher-sta\/?page_id=453\" style=\"background:linear-gradient(180deg,rgb(255,255,255) 0%,rgb(139,185,145) 100%)\">Zur Ausschreibung<\/a><\/div>\n<\/div>\n<\/div>\n\n\n\n<div class=\"wp-block-column\">\n<div class=\"wp-block-buttons\">\n<div class=\"wp-block-button has-custom-width wp-block-button__width-100\"><a class=\"wp-block-button__link has-background wp-element-button\" href=\"https:\/\/myracepartner.com\/veranstaltung\/?event-id=458470\" style=\"background:linear-gradient(180deg,rgb(255,255,255) 0%,rgb(139,185,145) 100%)\" target=\"_blank\" rel=\"noreferrer noopener\">Anmeldung<\/a><\/div>\n<\/div>\n<\/div>\n\n\n\n<div class=\"wp-block-column\">\n<div class=\"wp-block-buttons\">\n<div class=\"wp-block-button has-custom-width wp-block-button__width-100\"><a class=\"wp-block-button__link has-background wp-element-button\" href=\"https:\/\/www.rundendreher.de\/rundendreher-sta\/?page_id=556\" style=\"background:linear-gradient(180deg,rgb(255,255,255) 0%,rgb(139,185,145) 100%)\">Teamwertung<\/a><\/div>\n<\/div>\n<\/div>\n<\/div>\n\n\n\n<p><\/p>\n","protected":false},"excerpt":{"rendered":"<p>12. Sch\u00f6nflie\u00dfer Kinderlauf am 10.05.2026 Unsere Laufveranstaltung f\u00fcr alle Kinder von 4 bis 15 Jahren. Bei uns stehen die Kids im Mittelpunkt.Alle Kinder erhalten im Ziel eine Urkunde und eine kleine \u00dcberraschung. Seid ihr fit? &#8211; Dann lauft mit! Wir freuen uns auf euch.<\/p>\n","protected":false},"author":1,"featured_media":684,"parent":0,"menu_order":3,"comment_status":"closed","ping_status":"closed","template":"","meta":[],"_links":{"self":[{"href":"https:\/\/www.rundendreher.de\/rundendreher-sta\/wp-json\/wp\/v2\/pages\/11"}],"collection":[{"href":"https:\/\/www.rundendreher.de\/rundendreher-sta\/wp-json\/wp\/v2\/pages"}],"about":[{"href":"https:\/\/www.rundendreher.de\/rundendreher-sta\/wp-json\/wp\/v2\/types\/page"}],"author":[{"embeddable":true,"href":"https:\/\/www.rundendreher.de\/rundendreher-sta\/wp-json\/wp\/v2\/users\/1"}],"replies":[{"embeddable":true,"href":"https:\/\/www.rundendreher.de\/rundendreher-sta\/wp-json\/wp\/v2\/comments?post=11"}],"version-history":[{"count":25,"href":"https:\/\/www.rundendreher.de\/rundendreher-sta\/wp-json\/wp\/v2\/pages\/11\/revisions"}],"predecessor-version":[{"id":687,"href":"https:\/\/www.rundendreher.de\/rundendreher-sta\/wp-json\/wp\/v2\/pages\/11\/revisions\/687"}],"wp:featuredmedia":[{"embeddable":true,"href":"https:\/\/www.rundendreher.de\/rundendreher-sta\/wp-json\/wp\/v2\/media\/684"}],"wp:attachment":[{"href":"https:\/\/www.rundendreher.de\/rundendreher-sta\/wp-json\/wp\/v2\/media?parent=11"}],"curies":[{"name":"wp","href":"https:\/\/api.w.org\/{rel}","templated":true}]}}